{"id":27,"date":"2012-06-24T15:56:58","date_gmt":"2012-06-24T15:56:58","guid":{"rendered":"http:\/\/heiern.hilftauch.net\/?page_id=27"},"modified":"2024-09-19T13:43:34","modified_gmt":"2024-09-19T13:43:34","slug":"startseite-2","status":"publish","type":"page","link":"https:\/\/www.tinaundkai.info\/","title":{"rendered":""},"content":{"rendered":"<h2>Jetzt, wo unser gro\u00dfer Tag, an dem wir uns von ganzem Herzen &#8220;JA&#8221; gesagt haben, einige Wochen zur\u00fcckliegt, m\u00f6chten wir ihn mit ein paar Bildern nochmals in Erinnerung rufen. Dabei werdet ihr sicherlich auch Einblicke in bisher unbekannte Momente unseres Hochzeitstags bekommen &#8211; auch dank unserer t\u00fcchtigen Hobbyfotografen.<\/h2>\n<h2>Bei allen, die uns an diesem Tag begleitet haben, m\u00f6chten wir uns nochmals herzlichst bedanken.<br \/>\nWir haben den Tag sehr genossen &#8211; die Sonne hat f\u00fcr uns gelacht, die Stimmung war pr\u00e4chtig, alle haben ausgelassen mit uns gefeiert &#8211; genauso hatten wir es uns gew\u00fcnscht.<br \/>\nWir hoffen deshalb, dass auch euch dieser Tag in sch\u00f6ner Erinnerung bleibt.<\/h2>\n","protected":false},"excerpt":{"rendered":"<p>Jetzt, wo unser gro\u00dfer Tag, an dem wir uns von ganzem Herzen &#8220;JA&#8221; gesagt haben, einige Wochen zur\u00fcckliegt, m\u00f6chten wir ihn mit ein paar Bildern nochmals in Erinnerung rufen. Dabei werdet ihr sicherlich auch Einblicke in bisher unbekannte Momente unseres &hellip; <a class=\"more-link\" href=\"https:\/\/www.tinaundkai.info\/\">Continue reading <span class=\"meta-nav\">&rarr;<\/span><\/a><\/p>\n","protected":false},"author":1,"featured_media":0,"parent":0,"menu_order":0,"comment_status":"open","ping_status":"open","template":"","meta":{"footnotes":""},"class_list":["post-27","page","type-page","status-publish","hentry"],"_links":{"self":[{"href":"https:\/\/www.tinaundkai.info\/index.php?rest_route=\/wp\/v2\/pages\/27"}],"collection":[{"href":"https:\/\/www.tinaundkai.info\/index.php?rest_route=\/wp\/v2\/pages"}],"about":[{"href":"https:\/\/www.tinaundkai.info\/index.php?rest_route=\/wp\/v2\/types\/page"}],"author":[{"embeddable":true,"href":"https:\/\/www.tinaundkai.info\/index.php?rest_route=\/wp\/v2\/users\/1"}],"replies":[{"embeddable":true,"href":"https:\/\/www.tinaundkai.info\/index.php?rest_route=%2Fwp%2Fv2%2Fcomments&post=27"}],"version-history":[{"count":27,"href":"https:\/\/www.tinaundkai.info\/index.php?rest_route=\/wp\/v2\/pages\/27\/revisions"}],"predecessor-version":[{"id":351,"href":"https:\/\/www.tinaundkai.info\/index.php?rest_route=\/wp\/v2\/pages\/27\/revisions\/351"}],"wp:attachment":[{"href":"https:\/\/www.tinaundkai.info\/index.php?rest_route=%2Fwp%2Fv2%2Fmedia&parent=27"}],"curies":[{"name":"wp","href":"https:\/\/api.w.org\/{rel}","templated":true}]}}